{"id":561,"date":"2026-03-27T10:55:32","date_gmt":"2026-03-27T07:55:32","guid":{"rendered":"https:\/\/kuturaglobal.com\/?page_id=561"},"modified":"2026-03-31T19:42:03","modified_gmt":"2026-03-31T16:42:03","slug":"neden-icelandic-glacial","status":"publish","type":"page","link":"https:\/\/kuturaglobal.com\/?page_id=561","title":{"rendered":"Neden Icelandic Glacial?"},"content":{"rendered":"\t\t<div data-elementor-type=\"wp-page\" data-elementor-id=\"561\" class=\"elementor elementor-561\">\n\t\t\t\t<div class=\"elementor-element elementor-element-7499586 e-flex e-con-boxed e-con e-parent\" data-id=\"7499586\" data-element_type=\"container\" data-e-type=\"container\">\n\t\t\t\t\t<div class=\"e-con-inner\">\n\t\t\t\t\t<\/div>\n\t\t\t\t<\/div>\n\t\t<div class=\"elementor-element elementor-element-7e7d494 animated-slow e-flex e-con-boxed elementor-invisible e-con e-parent\" data-id=\"7e7d494\" data-element_type=\"container\" data-e-type=\"container\" data-settings=\"{&quot;background_background&quot;:&quot;classic&quot;,&quot;animation&quot;:&quot;fadeIn&quot;,&quot;animation_delay&quot;:100}\">\n\t\t\t\t\t<div class=\"e-con-inner\">\n\t\t<div class=\"elementor-element elementor-element-c74c565 e-con-full e-flex e-con e-child\" data-id=\"c74c565\" data-element_type=\"container\" data-e-type=\"container\">\n\t\t\t\t<div class=\"elementor-element elementor-element-b499f42 animated-slow elementor-invisible elementor-widget elementor-widget-text-editor\" data-id=\"b499f42\" data-element_type=\"widget\" data-e-type=\"widget\" data-settings=\"{&quot;_animation&quot;:&quot;fadeIn&quot;,&quot;_animation_delay&quot;:200}\" data-widget_type=\"text-editor.default\">\n\t\t\t\t\t\t\t\t\t<h2 data-path-to-node=\"3\">Neden Icelandic Glacial?<\/h2><p data-path-to-node=\"4\"><b data-path-to-node=\"4\" data-index-in-node=\"0\">Do\u011fal Alkali Yap\u0131<\/b> <br \/>Binlerce y\u0131ll\u0131k bir ser\u00fcvenin \u00fcr\u00fcn\u00fc olan Icelandic Glacial, \u0130zlanda\u2019n\u0131n \u00f6zel lav kayas\u0131 katmanlar\u0131ndan <b data-path-to-node=\"4\" data-index-in-node=\"121\">5.000 y\u0131l boyunca<\/b> s\u00fcz\u00fclerek sitemize ula\u015f\u0131yor. Bu do\u011fal filtrasyon s\u00fcreci, suya m\u00fcdahale gerektirmeyen <b data-path-to-node=\"4\" data-index-in-node=\"224\">8.6 pH<\/b> de\u011ferinde, nadir bulunan bir do\u011fal alkali yap\u0131 kazand\u0131r\u0131yor.<\/p><p data-path-to-node=\"5\"><b data-path-to-node=\"5\" data-index-in-node=\"0\">E\u015fsiz Safl\u0131k ve D\u00fc\u015f\u00fck Mineral Dengesi<\/b> <br \/>\u0130\u00e7erisinde a\u011f\u0131r metal, yo\u011fun silis veya bask\u0131n mineral tatlar\u0131 bar\u0131nd\u0131rmayan Icelandic Glacial, <b data-path-to-node=\"5\" data-index-in-node=\"134\">62 ppm (TDS)<\/b> gibi olduk\u00e7a d\u00fc\u015f\u00fck bir mineral oran\u0131na sahiptir. Bu safl\u0131k, suyun dama\u011f\u0131 yormamas\u0131n\u0131 sa\u011flayarak yemek ve \u015farap e\u015fle\u015fmelerinde en ideal e\u015flik\u00e7i olmas\u0131n\u0131 sa\u011flar. Do\u011fadan \u00e7\u0131kt\u0131\u011f\u0131 gibi, hi\u00e7bir ekleme yap\u0131lmadan \u015fi\u015felenen bu safl\u0131\u011f\u0131 sofralar\u0131n\u0131za ta\u015f\u0131yoruz.<\/p><p data-path-to-node=\"6\"><b data-path-to-node=\"6\" data-index-in-node=\"0\">S\u00fcrd\u00fcr\u00fclebilir Kaynak Y\u00f6netimi<\/b> <br \/>Tedarik etti\u011fimiz bu e\u015fsiz su, \u0130zlanda&#8217;n\u0131n efsanevi <b data-path-to-node=\"6\" data-index-in-node=\"83\">\u00d6lfus Kayna\u011f\u0131<\/b>&#8216;ndan beslenmektedir. D\u00fcnyan\u0131n en b\u00fcy\u00fck do\u011fal kaynaklar\u0131ndan biri olan bu havzada, her g\u00fcn okyanusa akan devasa su miktar\u0131n\u0131n <b data-path-to-node=\"6\" data-index-in-node=\"222\">yaln\u0131zca %0,1\u2019inden az\u0131<\/b> \u015fi\u015felenmektedir. Zenith International taraf\u0131ndan &#8220;s\u00fcrd\u00fcr\u00fclebilir&#8221; oldu\u011fu tescillenen bu s\u00fcreci destekliyor, do\u011fan\u0131n dengesine sayg\u0131 duyuyoruz.<\/p><p data-path-to-node=\"7\"><b data-path-to-node=\"7\" data-index-in-node=\"0\">Kalite ve G\u00fcven S\u00f6z\u00fcm\u00fcz<\/b> <br \/>Sundu\u011fumuz her \u015fi\u015fe Icelandic Glacial, en y\u00fcksek g\u0131da g\u00fcvenli\u011fi standartlar\u0131nda test edilmektedir. \u00dcr\u00fcnlerimiz <b data-path-to-node=\"7\" data-index-in-node=\"135\">NSF akreditasyonuna<\/b> sahip olup; FDA ve D\u00fcnya Sa\u011fl\u0131k \u00d6rg\u00fct\u00fc (WHO) gerekliliklerini tam anlam\u0131yla kar\u015f\u0131lamaktad\u0131r. \u0130zlanda Halk Sa\u011fl\u0131\u011f\u0131 Kurumu taraf\u0131ndan d\u00fczenli denetlenen tesislerde, her g\u00fcn yap\u0131lan kapsaml\u0131 laboratuvar analizleriyle kalitenin s\u00fcreklili\u011fini garanti alt\u0131na al\u0131yoruz.<\/p><p>T\u00fcrkiye Distrib\u00fct\u00f6r\u00fc olarak, \u0130zlanda&#8217;n\u0131n bu saf mucizesini sizlerle bulu\u015fturmaktan gurur duyuyoruz.<\/p>\t\t\t\t\t\t\t\t<\/div>\n\t\t\t\t<\/div>\n\t\t\t\t\t<\/div>\n\t\t\t\t<\/div>\n\t\t\t\t<\/div>\n\t\t","protected":false},"excerpt":{"rendered":"<p>Neden Icelandic Glacial? Do\u011fal Alkali Yap\u0131 Binlerce y\u0131ll\u0131k bir ser\u00fcvenin \u00fcr\u00fcn\u00fc olan Icelandic Glacial, \u0130zlanda\u2019n\u0131n \u00f6zel lav kayas\u0131 katmanlar\u0131ndan 5.000 y\u0131l boyunca s\u00fcz\u00fclerek sitemize ula\u015f\u0131yor. Bu do\u011fal filtrasyon s\u00fcreci, suya m\u00fcdahale gerektirmeyen 8.6 pH de\u011ferinde, nadir bulunan bir do\u011fal alkali yap\u0131 kazand\u0131r\u0131yor. E\u015fsiz Safl\u0131k ve D\u00fc\u015f\u00fck Mineral Dengesi \u0130\u00e7erisinde a\u011f\u0131r metal, yo\u011fun silis veya bask\u0131n [&hellip;]<\/p>\n","protected":false},"author":1,"featured_media":0,"parent":0,"menu_order":0,"comment_status":"closed","ping_status":"closed","template":"","meta":{"footnotes":""},"class_list":["post-561","page","type-page","status-publish","hentry"],"_links":{"self":[{"href":"https:\/\/kuturaglobal.com\/index.php?rest_route=\/wp\/v2\/pages\/561","targetHints":{"allow":["GET"]}}],"collection":[{"href":"https:\/\/kuturaglobal.com\/index.php?rest_route=\/wp\/v2\/pages"}],"about":[{"href":"https:\/\/kuturaglobal.com\/index.php?rest_route=\/wp\/v2\/types\/page"}],"author":[{"embeddable":true,"href":"https:\/\/kuturaglobal.com\/index.php?rest_route=\/wp\/v2\/users\/1"}],"replies":[{"embeddable":true,"href":"https:\/\/kuturaglobal.com\/index.php?rest_route=%2Fwp%2Fv2%2Fcomments&post=561"}],"version-history":[{"count":58,"href":"https:\/\/kuturaglobal.com\/index.php?rest_route=\/wp\/v2\/pages\/561\/revisions"}],"predecessor-version":[{"id":844,"href":"https:\/\/kuturaglobal.com\/index.php?rest_route=\/wp\/v2\/pages\/561\/revisions\/844"}],"wp:attachment":[{"href":"https:\/\/kuturaglobal.com\/index.php?rest_route=%2Fwp%2Fv2%2Fmedia&parent=561"}],"curies":[{"name":"wp","href":"https:\/\/api.w.org\/{rel}","templated":true}]}}