{"id":94,"date":"2026-03-16T23:45:41","date_gmt":"2026-03-16T20:45:41","guid":{"rendered":"https:\/\/kuturaglobal.com\/?page_id=94"},"modified":"2026-03-31T11:34:18","modified_gmt":"2026-03-31T08:34:18","slug":"hakkimizda","status":"publish","type":"page","link":"https:\/\/kuturaglobal.com\/?page_id=94","title":{"rendered":"Hakk\u0131m\u0131zda"},"content":{"rendered":"\t\t<div data-elementor-type=\"wp-page\" data-elementor-id=\"94\" class=\"elementor elementor-94\">\n\t\t\t\t<div class=\"elementor-element elementor-element-3b563a4 e-flex e-con-boxed e-con e-parent\" data-id=\"3b563a4\" data-element_type=\"container\" data-e-type=\"container\">\n\t\t\t\t\t<div class=\"e-con-inner\">\n\t\t\t\t\t<\/div>\n\t\t\t\t<\/div>\n\t\t<div class=\"elementor-element elementor-element-670e737 e-flex e-con-boxed e-con e-parent\" data-id=\"670e737\" data-element_type=\"container\" data-e-type=\"container\">\n\t\t\t\t\t<div class=\"e-con-inner\">\n\t\t\t\t<div class=\"elementor-element elementor-element-270b073 animated-slow elementor-invisible elementor-widget elementor-widget-heading\" data-id=\"270b073\" data-element_type=\"widget\" data-e-type=\"widget\" data-settings=\"{&quot;_animation&quot;:&quot;fadeInDown&quot;}\" data-widget_type=\"heading.default\">\n\t\t\t\t\t<h2 class=\"elementor-heading-title elementor-size-default\"><span style=\"font-size:12.0pt;line-height:115%;,sans-serif\">Co\u011frafyan\u0131n En Saf ve Nitelikli Lezzetlerini Sofran\u0131za Ta\u015f\u0131yoruz.<\/span><\/h2>\t\t\t\t<\/div>\n\t\t\t\t<div class=\"elementor-element elementor-element-995dc7f animated-slow elementor-invisible elementor-widget elementor-widget-text-editor\" data-id=\"995dc7f\" data-element_type=\"widget\" data-e-type=\"widget\" data-settings=\"{&quot;_animation&quot;:&quot;fadeInUp&quot;,&quot;_animation_delay&quot;:500}\" data-widget_type=\"text-editor.default\">\n\t\t\t\t\t\t\t\t\t<p>Kutura Global, gastronomi d\u00fcnyas\u0131nda kalite, do\u011fall\u0131k ve s\u00fcrd\u00fcr\u00fclebilirlik ilkelerini temel alarak yola \u00e7\u0131km\u0131\u015f bir nitelikli lezzet k\u00fcrat\u00f6r\u00fcd\u00fcr. Misyonumuz; global \u00f6l\u00e7ekte kendini kan\u0131tlam\u0131\u015f kaynaklardan, yerel co\u011frafyalar\u0131n sundu\u011fu en \u00f6zg\u00fcn ve karakteristik \u00fcr\u00fcnlere kadar geni\u015f bir yelpazeyi, T\u00fcrkiye\u2019nin se\u00e7kin restoran, otel ve gurme noktalar\u0131yla bulu\u015fturmakt\u0131r.<br \/><br \/><\/p><p><b>Neden Kutura Global?<br \/><br \/><\/b><\/p><p>Biz sadece bir distrib\u00fct\u00f6r de\u011fil, temsil etti\u011fimiz her \u00fcr\u00fcn\u00fcn hikayesine, kayna\u011f\u0131na ve niteli\u011fine inanan bir \u00e7\u00f6z\u00fcm orta\u011f\u0131y\u0131z. Portf\u00f6y\u00fcm\u00fcze dahil etti\u011fimiz her \u00fcr\u00fcn, kategorisinden ba\u011f\u0131ms\u0131z olarak titiz bir se\u00e7im s\u00fcrecinden ge\u00e7er:<br \/><br \/><\/p><p><b>\u00d6zg\u00fcnl\u00fck ve Do\u011fall\u0131k: <\/b>Kayna\u011f\u0131ndaki safl\u0131\u011f\u0131 koruyan, hi\u00e7bir yapay i\u015flem g\u00f6rmemi\u015f ve hikayesi olan \u00fcr\u00fcnlere odaklan\u0131yoruz.<br \/><br \/><\/p><p><b>Teknik Standartlar: <\/b>\u00dcr\u00fcnlerimizin pH dengesi, mineral yo\u011funlu\u011fu veya aroma profili gibi teknik de\u011ferlerinin, bilin\u00e7li t\u00fcketicilerin beklentilerini en \u00fcst d\u00fczeyde kar\u015f\u0131lamas\u0131n\u0131 \u00f6nemsiyoruz.<br \/><br \/><\/p><p><b>S\u00fcrd\u00fcr\u00fclebilirlik: <\/b>Do\u011fan\u0131n dengesini bozmadan \u00fcretim yapan, ekolojik ayak izine dikkat eden \u00fcreticilerle i\u015f birli\u011fi yaparak gelece\u011fe sayg\u0131 duyuyoruz.<br \/><br \/><\/p><p><b>Vizyonumuz:<\/b><\/p><p><b>\u00a0<\/b><\/p><p>Gastronomi profesyonelleri ve nitelikli ya\u015fam\u0131 oda\u011f\u0131na alan t\u00fcketiciler i\u00e7in \u201cg\u00fcvenilir bir tedarik ve lezzet merkezi\u201d olmak. Portf\u00f6y\u00fcm\u00fcz\u00fc, d\u00fcnyan\u0131n ve \u00fclkemizin en saf kaynaklar\u0131ndan s\u00fcz\u00fclen yeni ve benzersiz \u00fcr\u00fcnlerle geni\u015fleterek T\u00fcrkiye\u2019nin gastronomi standartlar\u0131n\u0131 y\u00fckseltmeyi hedefliyoruz.<\/p>\t\t\t\t\t\t\t\t<\/div>\n\t\t\t\t\t<\/div>\n\t\t\t\t<\/div>\n\t\t\t\t<\/div>\n\t\t","protected":false},"excerpt":{"rendered":"<p>Co\u011frafyan\u0131n En Saf ve Nitelikli Lezzetlerini Sofran\u0131za Ta\u015f\u0131yoruz. Kutura Global, gastronomi d\u00fcnyas\u0131nda kalite, do\u011fall\u0131k ve s\u00fcrd\u00fcr\u00fclebilirlik ilkelerini temel alarak yola \u00e7\u0131km\u0131\u015f bir nitelikli lezzet k\u00fcrat\u00f6r\u00fcd\u00fcr. Misyonumuz; global \u00f6l\u00e7ekte kendini kan\u0131tlam\u0131\u015f kaynaklardan, yerel co\u011frafyalar\u0131n sundu\u011fu en \u00f6zg\u00fcn ve karakteristik \u00fcr\u00fcnlere kadar geni\u015f bir yelpazeyi, T\u00fcrkiye\u2019nin se\u00e7kin restoran, otel ve gurme noktalar\u0131yla bulu\u015fturmakt\u0131r. Neden Kutura Global? Biz [&hellip;]<\/p>\n","protected":false},"author":1,"featured_media":0,"parent":0,"menu_order":0,"comment_status":"closed","ping_status":"closed","template":"","meta":{"footnotes":""},"class_list":["post-94","page","type-page","status-publish","hentry"],"_links":{"self":[{"href":"https:\/\/kuturaglobal.com\/index.php?rest_route=\/wp\/v2\/pages\/94","targetHints":{"allow":["GET"]}}],"collection":[{"href":"https:\/\/kuturaglobal.com\/index.php?rest_route=\/wp\/v2\/pages"}],"about":[{"href":"https:\/\/kuturaglobal.com\/index.php?rest_route=\/wp\/v2\/types\/page"}],"author":[{"embeddable":true,"href":"https:\/\/kuturaglobal.com\/index.php?rest_route=\/wp\/v2\/users\/1"}],"replies":[{"embeddable":true,"href":"https:\/\/kuturaglobal.com\/index.php?rest_route=%2Fwp%2Fv2%2Fcomments&post=94"}],"version-history":[{"count":22,"href":"https:\/\/kuturaglobal.com\/index.php?rest_route=\/wp\/v2\/pages\/94\/revisions"}],"predecessor-version":[{"id":727,"href":"https:\/\/kuturaglobal.com\/index.php?rest_route=\/wp\/v2\/pages\/94\/revisions\/727"}],"wp:attachment":[{"href":"https:\/\/kuturaglobal.com\/index.php?rest_route=%2Fwp%2Fv2%2Fmedia&parent=94"}],"curies":[{"name":"wp","href":"https:\/\/api.w.org\/{rel}","templated":true}]}}